{"id":2492,"date":"2021-10-27T15:16:50","date_gmt":"2021-10-27T15:16:50","guid":{"rendered":"https:\/\/megglero.kord.red\/product\/creme-blanche-gastro-3-kg\/"},"modified":"2024-05-14T12:09:19","modified_gmt":"2024-05-14T12:09:19","slug":"creme-blanche-gastro-3-kg","status":"publish","type":"product","link":"https:\/\/meggle.ro\/en\/product\/creme-blanche-gastro-3-kg\/","title":{"rendered":"Cr\u00e8me Blanche Gastro &#8211; Cheese cream 3 kg"},"content":{"rendered":"\n<p>O crem\u0103 de br\u00e2nz\u0103 fin\u0103, delicioas\u0103, din cel mai bun lapte, perfect\u0103 pentru cheesecake sau pentru tarte cu fructe, pentru savurat direct pe o felie de p\u00e2ine proasp\u0103t\u0103 sau \u00een amestecuri cu legume \u0219i verde\u021buri!\u00a0<\/p>\n\n<p>Este crema de br\u00e2nz\u0103 pe care v-o propunem, Cr\u00e8me Blanche Gastro de la Meggle, \u00eentr-un ambalaj de 3 kilograme, pentru atunci c\u00e2nd ai de preg\u0103tit o mas\u0103 mare pentru to\u021bi cei dragi sau pentru a-\u021bi bucura oaspe\u021bii, dac\u0103 ai un restaurant!\u00a0<\/p>\n\n<p>Recomand\u0103m p\u0103strarea la frigider, la o temperatur\u0103 \u00eentre 3 \u0219i 8 grade Celsius.<\/p>\n","protected":false},"template":"","product-category":[178],"class_list":["post-2492","product","type-product","status-publish","hentry","product-category-creme-blanche-en"],"acf":[],"_links":{"self":[{"href":"https:\/\/meggle.ro\/en\/wp-json\/wp\/v2\/product\/2492","targetHints":{"allow":["GET"]}}],"collection":[{"href":"https:\/\/meggle.ro\/en\/wp-json\/wp\/v2\/product"}],"about":[{"href":"https:\/\/meggle.ro\/en\/wp-json\/wp\/v2\/types\/product"}],"wp:attachment":[{"href":"https:\/\/meggle.ro\/en\/wp-json\/wp\/v2\/media?parent=2492"}],"wp:term":[{"taxonomy":"product-category","embeddable":true,"href":"https:\/\/meggle.ro\/en\/wp-json\/wp\/v2\/product-category?post=2492"}],"curies":[{"name":"wp","href":"https:\/\/api.w.org\/{rel}","templated":true}]}}